{"id":2,"date":"2023-01-24T17:07:32","date_gmt":"2023-01-24T16:07:32","guid":{"rendered":"http:\/\/thannberger-gruman.com\/?page_id=2"},"modified":"2025-04-14T22:07:02","modified_gmt":"2025-04-14T20:07:02","slug":"thannberger-grumanco","status":"publish","type":"page","link":"https:\/\/thannberger-gruman.com\/","title":{"rendered":"Thannberger.Gruman&#038;Co."},"content":{"rendered":"\t\t<div data-elementor-type=\"wp-page\" data-elementor-id=\"2\" class=\"elementor elementor-2\">\n\t\t\t\t\t\t\t\t\t<section class=\"elementor-section elementor-top-section elementor-element elementor-element-ec1f6b3 elementor-section-boxed elementor-section-height-default elementor-section-height-default qodef-elementor-content-no\" data-id=\"ec1f6b3\" data-element_type=\"section\">\n\t\t\t\t\t\t<div class=\"elementor-container elementor-column-gap-default\">\n\t\t\t\t\t<div class=\"elementor-column elementor-col-100 elementor-top-column elementor-element elementor-element-d522329\" data-id=\"d522329\" data-element_type=\"column\">\n\t\t\t<div class=\"elementor-widget-wrap elementor-element-populated\">\n\t\t\t\t\t\t\t\t<div class=\"elementor-element elementor-element-3e5cbf4 elementor-widget elementor-widget-halstein_core_single_image\" data-id=\"3e5cbf4\" data-element_type=\"widget\" data-widget_type=\"halstein_core_single_image.default\">\n\t\t\t\t<div class=\"elementor-widget-container\">\n\t\t\t<div class=\"qodef-shortcode qodef-m  qodef-single-image qodef-layout--default  qodef--retina   \">\n\t<div class=\"qodef-m-image \">\n\t\t\t\t<img loading=\"lazy\" decoding=\"async\" width=\"1200\" height=\"462\" src=\"https:\/\/thannberger-gruman.com\/wp-content\/uploads\/2025\/04\/Thannberger-Logo-25.png\" class=\"attachment-full size-full\" alt=\"\" srcset=\"https:\/\/thannberger-gruman.com\/wp-content\/uploads\/2025\/04\/Thannberger-Logo-25.png 1200w, https:\/\/thannberger-gruman.com\/wp-content\/uploads\/2025\/04\/Thannberger-Logo-25-300x116.png 300w, https:\/\/thannberger-gruman.com\/wp-content\/uploads\/2025\/04\/Thannberger-Logo-25-1024x394.png 1024w, https:\/\/thannberger-gruman.com\/wp-content\/uploads\/2025\/04\/Thannberger-Logo-25-768x296.png 768w\" sizes=\"auto, (max-width: 1200px) 100vw, 1200px\" \/>\t\t\t<\/div>\n<\/div>\n\t\t<\/div>\n\t\t\t\t<\/div>\n\t\t\t\t\t<\/div>\n\t\t<\/div>\n\t\t\t\t\t\t\t<\/div>\n\t\t<\/section>\n\t\t\t\t<section class=\"elementor-section elementor-top-section elementor-element elementor-element-d27e7a1 elementor-hidden-mobile elementor-section-boxed elementor-section-height-default elementor-section-height-default qodef-elementor-content-no\" data-id=\"d27e7a1\" data-element_type=\"section\">\n\t\t\t\t\t\t<div class=\"elementor-container elementor-column-gap-default\">\n\t\t\t\t\t<div class=\"elementor-column elementor-col-50 elementor-top-column elementor-element elementor-element-e36f9f9\" data-id=\"e36f9f9\" data-element_type=\"column\">\n\t\t\t<div class=\"elementor-widget-wrap elementor-element-populated\">\n\t\t\t\t\t\t\t\t<div class=\"elementor-element elementor-element-ccf2408 elementor-widget elementor-widget-text-editor\" data-id=\"ccf2408\" data-element_type=\"widget\" data-widget_type=\"text-editor.default\">\n\t\t\t\t<div class=\"elementor-widget-container\">\n\t\t\t<style>\/*! elementor - v3.10.2 - 29-01-2023 *\/\n.elementor-widget-text-editor.elementor-drop-cap-view-stacked .elementor-drop-cap{background-color:#818a91;color:#fff}.elementor-widget-text-editor.elementor-drop-cap-view-framed .elementor-drop-cap{color:#818a91;border:3px solid;background-color:transparent}.elementor-widget-text-editor:not(.elementor-drop-cap-view-default) .elementor-drop-cap{margin-top:8px}.elementor-widget-text-editor:not(.elementor-drop-cap-view-default) .elementor-drop-cap-letter{width:1em;height:1em}.elementor-widget-text-editor .elementor-drop-cap{float:left;text-align:center;line-height:1;font-size:50px}.elementor-widget-text-editor .elementor-drop-cap-letter{display:inline-block}<\/style>\t\t\t\t<p style=\"text-align: left;\">Thannberger, Gruman &amp; Co est le Conseiller sp\u00e9cial des top managers, des actionnaires-dirigeants, des propri\u00e9taires d\u2019entreprises, et l\u2019architecte de leurs strat\u00e9gies.<\/p><p style=\"text-align: left;\">La structure conseille des entreprises de toutes tailles et de tous secteurs, fran\u00e7aises et \u00e9trang\u00e8res, avec un focus particulier sur l\u2019industrie de d\u00e9fense, la Tech et les services financiers.<\/p><p style=\"text-align: left;\">Ses \u00e9quipes disposent d\u2019une expertise reconnue en mati\u00e8re de M&amp;A, de lev\u00e9es fonds aupr\u00e8s d\u2019acteurs du Private Equity, et d\u2019op\u00e9rations financi\u00e8res de march\u00e9.<\/p><p style=\"text-align: left;\">Thannberger, Gruman &amp; Co assiste ses clients dans leurs relations institutionnelles, lors de n\u00e9gociations complexes ou de situations sp\u00e9ciales.<\/p><p style=\"text-align: left;\">Elle dispose de relais influents \u00e0 l\u2019\u00e9tranger. La discr\u00e9tion est au c\u0153ur de sa pratique.<\/p><p style=\"text-align: justify; color: white;\"><strong><a style=\"text-align: justify; color: white;\">contact@thannberger-gruman.com<br \/><\/a><\/strong><\/p>\t\t\t\t\t\t<\/div>\n\t\t\t\t<\/div>\n\t\t\t\t\t<\/div>\n\t\t<\/div>\n\t\t\t\t<div class=\"elementor-column elementor-col-50 elementor-top-column elementor-element elementor-element-ee4c185\" data-id=\"ee4c185\" data-element_type=\"column\" data-settings=\"{&quot;background_background&quot;:&quot;classic&quot;}\">\n\t\t\t<div class=\"elementor-widget-wrap elementor-element-populated\">\n\t\t\t\t\t\t\t\t<div class=\"elementor-element elementor-element-c1885df elementor-widget elementor-widget-text-editor\" data-id=\"c1885df\" data-element_type=\"widget\" data-widget_type=\"text-editor.default\">\n\t\t\t\t<div class=\"elementor-widget-container\">\n\t\t\t\t\t\t\t<div class=\"\"><p class=\"p1\" style=\"text-align: left;\">Thannberger, Gruman &amp; Co is the Special Advisor firm to shareholders, C-suite executives and business owners. It contributes to the definition of their strategies.<\/p><p class=\"p1\" style=\"text-align: left;\">With a primary focus on discrete manufacturing as the defense industry, technology, and financial services, verticals, Thannberger, Gruman &amp; Co provides consulting services to a large range of international and French corporations from innovative SMEs to large global players.<\/p><p class=\"p1\" style=\"text-align: left;\">The teams have recognized expertise in M&amp;A and financial market transactions, raising funds with key international Private Equity, Venture capitalists firms or sovereign funds.<\/p><p class=\"p1\" style=\"text-align: left;\">Thannberger, Gruman &amp; Co assists its clients in their institutional relations, facilitating complex negotiations or special situations.<\/p><p class=\"p1\" style=\"text-align: left;\">To enable a global reach to the clients, the firm relies on a network of influential seasoned executives in multiple geographies.<\/p><p class=\"p1\" style=\"text-align: left;\">Confidentiality and discretion are at the heart of its practices.<\/p><\/div><p style=\"text-align: left; color: white;\"><strong><a style=\"text-align: left; color: white;\">contact@thannberger-gruman.com<\/a><\/strong><\/p>\t\t\t\t\t\t<\/div>\n\t\t\t\t<\/div>\n\t\t\t\t\t<\/div>\n\t\t<\/div>\n\t\t\t\t\t\t\t<\/div>\n\t\t<\/section>\n\t\t\t\t<section class=\"elementor-section elementor-top-section elementor-element elementor-element-5c84a7f elementor-hidden-desktop elementor-section-boxed elementor-section-height-default elementor-section-height-default qodef-elementor-content-no\" data-id=\"5c84a7f\" data-element_type=\"section\">\n\t\t\t\t\t\t<div class=\"elementor-container elementor-column-gap-default\">\n\t\t\t\t\t<div class=\"elementor-column elementor-col-50 elementor-top-column elementor-element elementor-element-8a17eeb\" data-id=\"8a17eeb\" data-element_type=\"column\">\n\t\t\t<div class=\"elementor-widget-wrap elementor-element-populated\">\n\t\t\t\t\t\t\t\t<div class=\"elementor-element elementor-element-5ae9931 elementor-widget elementor-widget-text-editor\" data-id=\"5ae9931\" data-element_type=\"widget\" data-widget_type=\"text-editor.default\">\n\t\t\t\t<div class=\"elementor-widget-container\">\n\t\t\t\t\t\t\t<p style=\"text-align: left;\">Thannberger, Gruman &amp; Co est le Conseiller sp\u00e9cial des top managers, des actionnaires-dirigeants, des propri\u00e9taires d\u2019entreprises, et l\u2019architecte de leurs strat\u00e9gies.<\/p><p style=\"text-align: left;\">La structure conseille des entreprises de toutes tailles et de tous secteurs, fran\u00e7aises et \u00e9trang\u00e8res, avec un focus particulier sur l\u2019industrie de d\u00e9fense, la Tech et les services financiers.<\/p><p style=\"text-align: left;\">Ses \u00e9quipes disposent d\u2019une expertise reconnue en mati\u00e8re de M&amp;A, de lev\u00e9es fonds aupr\u00e8s d\u2019acteurs du Private Equity, et d\u2019op\u00e9rations financi\u00e8res de march\u00e9.<\/p><p style=\"text-align: left;\">Thannberger, Gruman &amp; Co assiste ses clients dans leurs relations institutionnelles, lors de n\u00e9gociations complexes ou de situations sp\u00e9ciales.<\/p><p style=\"text-align: left;\">Elle dispose de relais influents \u00e0 l\u2019\u00e9tranger. La discr\u00e9tion est au c\u0153ur de sa pratique.<\/p><p style=\"text-align: justify; color: white;\"><strong><a style=\"text-align: justify; color: white;\">contact@thannberger-gruman.com<br \/><\/a><\/strong><\/p>\t\t\t\t\t\t<\/div>\n\t\t\t\t<\/div>\n\t\t\t\t\t<\/div>\n\t\t<\/div>\n\t\t\t\t<div class=\"elementor-column elementor-col-50 elementor-top-column elementor-element elementor-element-7813e15\" data-id=\"7813e15\" data-element_type=\"column\" data-settings=\"{&quot;background_background&quot;:&quot;classic&quot;}\">\n\t\t\t<div class=\"elementor-widget-wrap elementor-element-populated\">\n\t\t\t\t\t\t\t\t<div class=\"elementor-element elementor-element-35cc902 elementor-widget elementor-widget-text-editor\" data-id=\"35cc902\" data-element_type=\"widget\" data-widget_type=\"text-editor.default\">\n\t\t\t\t<div class=\"elementor-widget-container\">\n\t\t\t\t\t\t\t<div class=\"\"><p class=\"p1\" style=\"text-align: left;\">Thannberger, Gruman &amp; Co is the Special Advisor firm to shareholders, C-suite executives and business owners. It contributes to the definition of their strategies.<\/p><p class=\"p1\" style=\"text-align: left;\">With a primary focus on discrete manufacturing as the defense industry, technology, and financial services, verticals, Thannberger, Gruman &amp; Co provides consulting services to a large range of international and French corporations from innovative SMEs to large global players.<\/p><p class=\"p1\" style=\"text-align: left;\">The teams have recognized expertise in M&amp;A and financial market transactions, raising funds with key international Private Equity, Venture capitalists firms or sovereign funds.<\/p><p class=\"p1\" style=\"text-align: left;\">Thannberger, Gruman &amp; Co assists its clients in their institutional relations, facilitating complex negotiations or special situations.<\/p><p class=\"p1\" style=\"text-align: left;\">To enable a global reach to the clients, the firm relies on a network of influential seasoned executives in multiple geographies.<\/p><p class=\"p1\" style=\"text-align: left;\">Confidentiality and discretion are at the heart of its practices.<\/p><\/div><p style=\"text-align: left; color: white;\"><strong><a style=\"text-align: left; color: white;\">contact@thannberger-gruman.com<\/a><\/strong><\/p>\t\t\t\t\t\t<\/div>\n\t\t\t\t<\/div>\n\t\t\t\t\t<\/div>\n\t\t<\/div>\n\t\t\t\t\t\t\t<\/div>\n\t\t<\/section>\n\t\t\t\t\t\t\t<\/div>\n\t\t","protected":false},"excerpt":{"rendered":"<p>Thannberger, Gruman &amp; Co est le Conseiller sp\u00e9cial des top managers, des actionnaires-dirigeants, des propri\u00e9taires d\u2019entreprises, et l\u2019architecte de leurs strat\u00e9gies. La structure conseille des entreprises de toutes tailles et de tous secteurs, fran\u00e7aises et \u00e9trang\u00e8res, avec un focus particulier sur l\u2019industrie de d\u00e9fense, la Tech et les services financiers. Ses \u00e9quipes disposent d\u2019une expertise [&hellip;]<\/p>\n","protected":false},"author":1,"featured_media":0,"parent":0,"menu_order":0,"comment_status":"closed","ping_status":"open","template":"","meta":{"footnotes":""},"class_list":["post-2","page","type-page","status-publish","hentry"],"_links":{"self":[{"href":"https:\/\/thannberger-gruman.com\/index.php\/wp-json\/wp\/v2\/pages\/2","targetHints":{"allow":["GET"]}}],"collection":[{"href":"https:\/\/thannberger-gruman.com\/index.php\/wp-json\/wp\/v2\/pages"}],"about":[{"href":"https:\/\/thannberger-gruman.com\/index.php\/wp-json\/wp\/v2\/types\/page"}],"author":[{"embeddable":true,"href":"https:\/\/thannberger-gruman.com\/index.php\/wp-json\/wp\/v2\/users\/1"}],"replies":[{"embeddable":true,"href":"https:\/\/thannberger-gruman.com\/index.php\/wp-json\/wp\/v2\/comments?post=2"}],"version-history":[{"count":106,"href":"https:\/\/thannberger-gruman.com\/index.php\/wp-json\/wp\/v2\/pages\/2\/revisions"}],"predecessor-version":[{"id":10405,"href":"https:\/\/thannberger-gruman.com\/index.php\/wp-json\/wp\/v2\/pages\/2\/revisions\/10405"}],"wp:attachment":[{"href":"https:\/\/thannberger-gruman.com\/index.php\/wp-json\/wp\/v2\/media?parent=2"}],"curies":[{"name":"wp","href":"https:\/\/api.w.org\/{rel}","templated":true}]}}